{"id":6421,"date":"2019-09-12T10:01:26","date_gmt":"2019-09-12T10:01:26","guid":{"rendered":"http:\/\/trementinalux.com\/Blog\/?post_type=product&#038;p=6421"},"modified":"2019-09-12T10:01:26","modified_gmt":"2019-09-12T10:01:26","slug":"worlding-an-ecofeminist-game-to-improve-the-world","status":"publish","type":"product","link":"https:\/\/trementinalux.com\/Blog\/producto\/worlding-an-ecofeminist-game-to-improve-the-world\/","title":{"rendered":"Worlding. An ecofeminist game to improve the world."},"content":{"rendered":"<p id=\"yui_3_16_0_ym19_1_1539073625230_8982\" dir=\"ltr\" data-setdir=\"false\"><strong>Are you tired to see your child playing to kill zombies, compulsively buying silly plastic things,&nbsp;eating junk food&nbsp;or building virtual cities with cement? H<\/strong><strong>ave you realized that there are not an action game to help this generation to DON\u2019T destroy the Earth?&nbsp;<\/strong><strong>That\u2019s why I have created \u201cWorlding\u201c, a complete action game based 100% in cooperation, emotional intelligence and advanced ecofeminist-knowledge. Do you want to play at home from now? Then come on!<\/strong><\/p>\n<p id=\"yui_3_16_0_ym19_1_1539073625230_8982\" dir=\"ltr\" data-setdir=\"false\"><strong>\u00bfEst\u00e1s cansad@ de ver a tu hij@ jugando a matar zombies, comprando chorraditas de pl\u00e1stico, comiendo comida basura o construyendo ciudades virtuales con cemento? \u00bfTe has dado cuenta de que no hay un juego de acci\u00f3n para ayudar a esta generaci\u00f3n a NO destruir la Tierra?&nbsp;<\/strong><strong>Por eso he creado \u201cWorlding\u201d un juego de acci\u00f3n completo, basado 100% en cooperaci\u00f3n, inteligencia emocional y conocimiento ecofeminista avanzado. \u00bfQuieres jugar ya en casa? \u00a1Entonces vamos!<\/strong><\/p>\n<p><strong>Est\u00e0s cansat\/da de veure al teu fill o filla jugant a matar zombies, comprant ximpleries de pl\u00e0stic, menjant brossa o construint ciutats virtuals amb ciment? T\u2019has adonat que no hi ha un joc d\u2019acci\u00f3 per a ajudar a aquesta generaci\u00f3 a NO destruir la Terra?&nbsp;<\/strong><strong>Per a\u00e7\u00f2 he creat \u201cWorlding\u201d un joc d\u2019acci\u00f3 complet, basat 100% en cooperaci\u00f3, intel\u00b7lig\u00e8ncia emocional i coneixement ecofeminista avan\u00e7at. Vols jugar ja a casa? Llavors anem!<\/strong><\/p>\n<p>&nbsp;<\/p>\n<p>&nbsp;<\/p>\n<p>Per a impressi\u00f3 professional posa&#8217;t en contacte amb mi\/&nbsp;To do professional print contact me. Para impresi\u00f3n profesional contacta conmigo.<\/p>\n<p>Gratu\u00eft per a desc\u00e0rrega en\/ Libre para descarga en\/Free To Download in:<\/p>\n<blockquote class=\"wp-embedded-content\" data-secret=\"zYDHGaowmL\"><p><a href=\"http:\/\/trementinalux.com\/Blog\/worlding-game-ready-to-download\/\">\u00a9 WORLDING GAME: READY TO DOWNLOAD<\/a><\/p><\/blockquote>\n<p><iframe class=\"wp-embedded-content\" sandbox=\"allow-scripts\" security=\"restricted\" style=\"position: absolute; clip: rect(1px, 1px, 1px, 1px);\" src=\"http:\/\/trementinalux.com\/Blog\/worlding-game-ready-to-download\/embed\/#?secret=zYDHGaowmL\" data-secret=\"zYDHGaowmL\" width=\"600\" height=\"338\" title=\"&#8220;\u00a9 WORLDING GAME: READY TO DOWNLOAD&#8221; &#8212; Planeta Trementina\" frameborder=\"0\" marginwidth=\"0\" marginheight=\"0\" scrolling=\"no\"><\/iframe><\/p>\n<blockquote class=\"wp-embedded-content\" data-secret=\"Wd3bjlcpnm\"><p><a href=\"http:\/\/trementinalux.com\/Blog\/volem-fer-mon-queremos-hacer-mundo-we-want-to-make-world\/\">Volem fer M\u00f3n \/Queremos hacer Mundo \/We want to make World<\/a><\/p><\/blockquote>\n<p><iframe class=\"wp-embedded-content\" sandbox=\"allow-scripts\" security=\"restricted\" style=\"position: absolute; clip: rect(1px, 1px, 1px, 1px);\" src=\"http:\/\/trementinalux.com\/Blog\/volem-fer-mon-queremos-hacer-mundo-we-want-to-make-world\/embed\/#?secret=Wd3bjlcpnm\" data-secret=\"Wd3bjlcpnm\" width=\"600\" height=\"338\" title=\"&#8220;Volem fer M\u00f3n \/Queremos hacer Mundo \/We want to make World&#8221; &#8212; Planeta Trementina\" frameborder=\"0\" marginwidth=\"0\" marginheight=\"0\" scrolling=\"no\"><\/iframe><\/p>\n<blockquote class=\"wp-embedded-content\" data-secret=\"m7eKyXzKa1\"><p><a href=\"http:\/\/trementinalux.com\/Blog\/worlding-an-ecofeminist-game-to-improve-the-world\/\">WORLDING. An ecofeminist game to improve the world \u00a9<\/a><\/p><\/blockquote>\n<p><iframe class=\"wp-embedded-content\" sandbox=\"allow-scripts\" security=\"restricted\" style=\"position: absolute; clip: rect(1px, 1px, 1px, 1px);\" src=\"http:\/\/trementinalux.com\/Blog\/worlding-an-ecofeminist-game-to-improve-the-world\/embed\/#?secret=m7eKyXzKa1\" data-secret=\"m7eKyXzKa1\" width=\"600\" height=\"338\" title=\"&#8220;WORLDING. An ecofeminist game to improve the world \u00a9&#8221; &#8212; Planeta Trementina\" frameborder=\"0\" marginwidth=\"0\" marginheight=\"0\" scrolling=\"no\"><\/iframe><\/p>\n<p>&nbsp;<\/p>\n","protected":false},"excerpt":{"rendered":"<p>Primera versi\u00f3n del juego educativo\u00bbWorlding\u00bb. Ilustraciones realizadas en colaboraci\u00f3n con el Alumnado de 4\u00ba de Primaria del CEIP Santa Teresa de Valencia gracias al programa de Residencias Art\u00edsticas en centros educativos del Ayuntamiento de Val\u00e8ncia, 2018-2019. Proyecto \u00abVolem fer M\u00f3n\u00bb.&nbsp;Idea y realizaci\u00f3n: Trementina Lux\/Julia Navarro Coll.<\/p>\n<p>Primera versi\u00f3 del joc educatiu \u00abWorlding\u00bb. Il\u00b7lustracions realitzades en col\u00b7laboraci\u00f3 amb l&#8217;Alumnat de 4t de Prim\u00e0ria del CEIP Santa Teresa de Val\u00e8ncia gr\u00e0cies al programa de Resid\u00e8ncies Art\u00edstiques en centres educatius de l&#8217;Ajuntament de Val\u00e8ncia, 2018-2019. Projecte \u00abVolem fer M\u00f3n\u00bb. Idea i realitzaci\u00f3 Trementina Lux\/Julia Navarro Coll.<\/p>\n<p>First version of the educational game \u00abWorlding\u00bb. Illustrations made in collaboration with the 4th Primary Students of CEIP Santa Teresa de Valencia thanks to the Artistic Residences program in educational centers of the City of Valencia, 2018-2019. \u00abVolem fer M\u00f3n\u00bb project. Idea and realization: Trementina Lux\/Julia Navarro Coll.<\/p>\n","protected":false},"featured_media":6368,"comment_status":"open","ping_status":"closed","template":"","meta":{"rop_custom_images_group":[],"rop_custom_messages_group":[],"rop_publish_now":"initial","rop_publish_now_accounts":[],"rop_publish_now_history":[],"rop_publish_now_status":"pending","ngg_post_thumbnail":0},"product_brand":[],"product_cat":[],"product_tag":[],"class_list":{"0":"post-6421","1":"product","2":"type-product","3":"status-publish","4":"has-post-thumbnail","7":"first","8":"instock","9":"downloadable","10":"shipping-taxable","11":"product-type-simple"},"jetpack_likes_enabled":true,"jetpack_sharing_enabled":true,"_links":{"self":[{"href":"https:\/\/trementinalux.com\/Blog\/wp-json\/wp\/v2\/product\/6421","targetHints":{"allow":["GET"]}}],"collection":[{"href":"https:\/\/trementinalux.com\/Blog\/wp-json\/wp\/v2\/product"}],"about":[{"href":"https:\/\/trementinalux.com\/Blog\/wp-json\/wp\/v2\/types\/product"}],"replies":[{"embeddable":true,"href":"https:\/\/trementinalux.com\/Blog\/wp-json\/wp\/v2\/comments?post=6421"}],"wp:featuredmedia":[{"embeddable":true,"href":"https:\/\/trementinalux.com\/Blog\/wp-json\/wp\/v2\/media\/6368"}],"wp:attachment":[{"href":"https:\/\/trementinalux.com\/Blog\/wp-json\/wp\/v2\/media?parent=6421"}],"wp:term":[{"taxonomy":"product_brand","embeddable":true,"href":"https:\/\/trementinalux.com\/Blog\/wp-json\/wp\/v2\/product_brand?post=6421"},{"taxonomy":"product_cat","embeddable":true,"href":"https:\/\/trementinalux.com\/Blog\/wp-json\/wp\/v2\/product_cat?post=6421"},{"taxonomy":"product_tag","embeddable":true,"href":"https:\/\/trementinalux.com\/Blog\/wp-json\/wp\/v2\/product_tag?post=6421"}],"curies":[{"name":"wp","href":"https:\/\/api.w.org\/{rel}","templated":true}]}}