{"id":4013,"date":"2014-10-28T13:35:10","date_gmt":"2014-10-28T13:35:10","guid":{"rendered":"http:\/\/trementinalux.com\/Blog\/?post_type=product&#038;p=4013"},"modified":"2014-10-28T13:41:41","modified_gmt":"2014-10-28T13:41:41","slug":"tote-bags-secuencia-del-amor-universal","status":"publish","type":"product","link":"https:\/\/trementinalux.com\/Blog\/producto\/tote-bags-secuencia-del-amor-universal\/","title":{"rendered":"Tote Bags. Secuencia del Amor Universal."},"content":{"rendered":"<p><strong>\u00bfQu\u00e9 es \u00abLa secuencia del amor Universal\u00bb?<\/strong><br \/>\nEl 15 de abril cientos de ni\u00f1as entre 16 y 18 a\u00f1os fueron secuestradas en una escuela en Chibok, Nigeria.\u00a0Cuando descubr\u00ed que llevaban cien d\u00edas secuestradas decid\u00ed comenzar a pintar sus retratos hasta que fueran liberaras con el objetivo de enviarles fuerza y amor universal. <\/p>\n<p><strong>Casi doscientos d\u00edas y m\u00e1s de treinta retratos..<\/strong><br \/>\nLas he pintado sobre camisetas, pieles, baldosas, telas, papeles, cuerpos, pl\u00e1sticos y maderas. Cuando inici\u00e9 el proyecto me propuse mantenerlo vivo, pintar est\u00e9 donde est\u00e9, tenga o no tiempo, inspiraci\u00f3n y disponibilidad. Mantener visibles a las ni\u00f1as. Hacerlas visibles pese a las limitaciones y el olvido medi\u00e1tico. De este modo voy escribiendo y locutando en el <a href=\"http:\/\/trementinalux.com\/Blog\/te-llamare-libertad\/\">blog<\/a> el proceso creativo, porque creo que la pintura es un acto cham\u00e1nico.<\/p>\n<p><strong>Las tote bags como forma de compartir<\/strong><br \/>\nSois muchas las personas que hab\u00e9is expresado la voluntad de expandir la Secuencia del Amor Universal. Comprar los retratos originales es un acto de amor, pero no contribuye a expandir el mensaje. El mensaje se expande compartiendo en las redes sociales o generando materiales que exciten la mirada ajena, la curiosidad.<\/p>\n<p><strong>El arte es \u00fatil a la tribu y la tribu es \u00fatil al arte<\/strong><br \/>\nLas Tote Bags cumplen una triple misi\u00f3n. Visibilizan a las ni\u00f1as, te posicionan y contribuyen mediante el mecenazgo democr\u00e1tico a que pueda seguir pintando.<br \/>\nCompartir es vivir, as\u00ed que si te apetece la idea, ponte en contacto conmigo. <\/p>\n<p>Gracias<br \/>\nTREMENTINA LUX<br \/>\n [contact-form][contact-field label=&#8217;Nombre&#8217; type=&#8217;name&#8217; required=&#8217;1&#8217;\/][contact-field label=&#8217;Email&#8217; type=&#8217;email&#8217; required=&#8217;1&#8217;\/][contact-field label=&#8217;Sitio Web&#8217; type=&#8217;url&#8217;\/][contact-field label=&#8217;Comentario&#8217; type=&#8217;textarea&#8217; required=&#8217;1&#8217;\/][\/contact-form]<\/p>\n","protected":false},"excerpt":{"rendered":"<p>Tote Bags. <a href=\"http:\/\/trementinalux.com\/Blog\/te-llamare-libertad\/\">Secuencia del Amor Universal.<\/a><\/p>\n","protected":false},"featured_media":4014,"comment_status":"open","ping_status":"closed","template":"","meta":{"rop_custom_images_group":[],"rop_custom_messages_group":[],"rop_publish_now":"initial","rop_publish_now_accounts":[],"rop_publish_now_history":[],"rop_publish_now_status":"pending","ngg_post_thumbnail":0},"product_brand":[],"product_cat":[295,277],"product_tag":[296,297,298],"class_list":{"0":"post-4013","1":"product","2":"type-product","3":"status-publish","4":"has-post-thumbnail","6":"product_cat-secuencia-del-amor-universal","7":"product_cat-tote-bags","8":"product_tag-bringbackourgirls","9":"product_tag-lasecuenciadelamoruniversal","10":"product_tag-tote-bags","12":"first","13":"instock","14":"shipping-taxable","15":"product-type-simple"},"jetpack_likes_enabled":true,"jetpack_sharing_enabled":true,"_links":{"self":[{"href":"https:\/\/trementinalux.com\/Blog\/wp-json\/wp\/v2\/product\/4013","targetHints":{"allow":["GET"]}}],"collection":[{"href":"https:\/\/trementinalux.com\/Blog\/wp-json\/wp\/v2\/product"}],"about":[{"href":"https:\/\/trementinalux.com\/Blog\/wp-json\/wp\/v2\/types\/product"}],"replies":[{"embeddable":true,"href":"https:\/\/trementinalux.com\/Blog\/wp-json\/wp\/v2\/comments?post=4013"}],"wp:featuredmedia":[{"embeddable":true,"href":"https:\/\/trementinalux.com\/Blog\/wp-json\/wp\/v2\/media\/4014"}],"wp:attachment":[{"href":"https:\/\/trementinalux.com\/Blog\/wp-json\/wp\/v2\/media?parent=4013"}],"wp:term":[{"taxonomy":"product_brand","embeddable":true,"href":"https:\/\/trementinalux.com\/Blog\/wp-json\/wp\/v2\/product_brand?post=4013"},{"taxonomy":"product_cat","embeddable":true,"href":"https:\/\/trementinalux.com\/Blog\/wp-json\/wp\/v2\/product_cat?post=4013"},{"taxonomy":"product_tag","embeddable":true,"href":"https:\/\/trementinalux.com\/Blog\/wp-json\/wp\/v2\/product_tag?post=4013"}],"curies":[{"name":"wp","href":"https:\/\/api.w.org\/{rel}","templated":true}]}}