{"id":9150,"date":"2008-01-20T09:23:00","date_gmt":"2008-01-20T09:23:00","guid":{"rendered":"https:\/\/trementinalux.com\/Blog\/?page_id=9150"},"modified":"2025-04-08T10:26:55","modified_gmt":"2025-04-08T10:26:55","slug":"material-didactico-para-licenciatura-y-grado-en-comunicacion-audiovisual-epsg-gandia-profesora-julia-navarro-coll","status":"publish","type":"page","link":"https:\/\/trementinalux.com\/Blog\/material-didactico-para-licenciatura-y-grado-en-comunicacion-audiovisual-epsg-gandia-profesora-julia-navarro-coll\/","title":{"rendered":"Material did\u00e1ctico para Licenciatura  y Grado en Comunicaci\u00f3n Audiovisual. EPSG. Gandia. Profesora: Julia Navarro Coll"},"content":{"rendered":"<figure class=\"wp-block-image size-large\"><img decoding=\"async\" width=\"1600\" height=\"513\" src=\"http:\/\/trementinalux.com\/Blog\/wp-content\/uploads\/2018\/11\/tci-presentacion-dea-1-1600x513.jpg\" alt=\"\" class=\"wp-image-6062\"\/><\/figure><p><a href=\"https:\/\/trementinalux.com\/Blog\/material-docente-asignatura-teoria-y-ecologia-de-los-medios-audiovisuales-tema-curso-2o-grado-cau-epsg-gandia-profesora-julia-navarro-coll\/\">Asignatura:  Teor\u00eda y Ecolog\u00eda de los Medios Audiovisuales (TEMA). Curso: 2\u00ba Grado CAU<\/a><\/p><p><a href=\"https:\/\/trementinalux.com\/Blog\/material-docente-asignatura-teoria-de-la-comunicacion-audiovisual-tca-curso-4o-licenciatura-cau-epsg-gandia-profesora-julia-navarro-coll\/\">Asignatura: Teor\u00eda de la Comunicaci\u00f3n Audiovisual (TCA). Curso 4\u00ba Licenciatura CAU<\/a><\/p><p><a href=\"https:\/\/trementinalux.com\/Blog\/material-docente-asignatura-teoria-de-la-comunicacion-y-la-informacion-tci-curso-2o-licenciatura-cau-epsg-gandia-profesora-julia-navarro-coll\/\">Asignatura:  Teor\u00eda de la Comunicaci\u00f3n y la informaci\u00f3n (TCI) Curso 2\u00ba Licenciatura CAU<\/a><\/p><p><a href=\"https:\/\/trementinalux.com\/Blog\/material-docente-asignatura-realizacion-de-productos-de-ficcion-curso-5o-licenciatura-cau-epsg-gandia-profesora-julia-navarro-coll\/\">Asignatura: Taller de relatos de Ficci\u00f3n. Curso 4\u00ba  Grado CAU<\/a><\/p><p><a href=\"https:\/\/trementinalux.com\/Blog\/material-docente-asignatura-realizacion-de-productos-de-ficcion-curso-5o-licenciatura-cau-epsg-gandia-profesora-julia-navarro-coll\/\">Asignatura: Realizaci\u00f3n de productos de Ficci\u00f3n. Curso 5\u00ba Licenciatura CAU<\/a><\/p><p><\/p>","protected":false},"excerpt":{"rendered":"<p>Asignatura: Teor\u00eda y Ecolog\u00eda de los Medios Audiovisuales (TEMA). Curso: 2\u00ba Grado CAU Asignatura: Teor\u00eda de la Comunicaci\u00f3n Audiovisual (TCA). Curso 4\u00ba Licenciatura CAU Asignatura: Teor\u00eda de la Comunicaci\u00f3n y la informaci\u00f3n (TCI) Curso 2\u00ba Licenciatura CAU Asignatura: Taller de relatos de Ficci\u00f3n. Curso 4\u00ba Grado CAU Asignatura: Realizaci\u00f3n de productos de Ficci\u00f3n. Curso 5\u00ba [&hellip;]<\/p>\n","protected":false},"author":1,"featured_media":6062,"parent":0,"menu_order":0,"comment_status":"closed","ping_status":"closed","template":"","meta":{"rop_custom_images_group":[],"rop_custom_messages_group":[],"rop_publish_now":"initial","rop_publish_now_accounts":[],"rop_publish_now_history":[],"rop_publish_now_status":"pending","ngg_post_thumbnail":0,"footnotes":""},"class_list":["post-9150","page","type-page","status-publish","has-post-thumbnail","hentry"],"jetpack_likes_enabled":true,"jetpack_sharing_enabled":true,"_links":{"self":[{"href":"https:\/\/trementinalux.com\/Blog\/wp-json\/wp\/v2\/pages\/9150","targetHints":{"allow":["GET"]}}],"collection":[{"href":"https:\/\/trementinalux.com\/Blog\/wp-json\/wp\/v2\/pages"}],"about":[{"href":"https:\/\/trementinalux.com\/Blog\/wp-json\/wp\/v2\/types\/page"}],"author":[{"embeddable":true,"href":"https:\/\/trementinalux.com\/Blog\/wp-json\/wp\/v2\/users\/1"}],"replies":[{"embeddable":true,"href":"https:\/\/trementinalux.com\/Blog\/wp-json\/wp\/v2\/comments?post=9150"}],"version-history":[{"count":7,"href":"https:\/\/trementinalux.com\/Blog\/wp-json\/wp\/v2\/pages\/9150\/revisions"}],"predecessor-version":[{"id":9173,"href":"https:\/\/trementinalux.com\/Blog\/wp-json\/wp\/v2\/pages\/9150\/revisions\/9173"}],"wp:featuredmedia":[{"embeddable":true,"href":"https:\/\/trementinalux.com\/Blog\/wp-json\/wp\/v2\/media\/6062"}],"wp:attachment":[{"href":"https:\/\/trementinalux.com\/Blog\/wp-json\/wp\/v2\/media?parent=9150"}],"curies":[{"name":"wp","href":"https:\/\/api.w.org\/{rel}","templated":true}]}}