{"id":7185,"date":"2020-05-07T17:18:57","date_gmt":"2020-05-07T17:18:57","guid":{"rendered":"http:\/\/trementinalux.com\/Blog\/?page_id=7185"},"modified":"2020-05-08T17:16:02","modified_gmt":"2020-05-08T17:16:02","slug":"sample-test","status":"publish","type":"page","link":"https:\/\/trementinalux.com\/Blog\/sample-test\/","title":{"rendered":"Sample Test"},"content":{"rendered":"<div id=\"attachment_7075\" style=\"width: 820px\" class=\"wp-caption alignnone\"><img decoding=\"async\" aria-describedby=\"caption-attachment-7075\" class=\"size-full wp-image-7075\" src=\"http:\/\/trementinalux.com\/Blog\/wp-content\/uploads\/2020\/05\/SANGSAVIA-treehugtestsq.jpg\" alt=\"SANGSAVIA\" width=\"810\" height=\"810\"><p id=\"caption-attachment-7075\" class=\"wp-caption-text\">SANGSAVIA<\/p><\/div>\n<p><strong>\u00bfSab\u00edas que la estructura y composici\u00f3n de la clorofila y la hemoglobina son id\u00e9nticas salvo porque el \u00e1tomo central en la&nbsp;clorofila es de magnesio y en la hemoglobina es de hierro?<\/strong><\/p>\n<p><strong>\u00bfSab\u00edas que en teor\u00eda del color el verde y rojo (el de la clorofila y la sangre) son opuestos-complementarios? \u00bfSab\u00edas que los arboles inhalan CO2 y exhalan oxigeno mientras que los humanos inhalamos oxigeno y exhalamos CO2?<\/strong><\/p>\n<p>El paradigma androc\u00e9ntrico en el que habitamos nos impide ser conscientes de la magnitud de estas reveladoras correspondencias como parte de una verdad no revelada mucho m\u00e1s profunda y con muchas m\u00e1s correlaciones: somos lo mismo y la misma esencia.&nbsp;<\/p>\n<p><strong>Sangsavia<\/strong> es un proyecto revolucionario que nace desde la premisa de la igualdad sin distinci\u00f3n de sangre o savia para fomentar los canales de comunicaci\u00f3n entre seres vivos complementarios que habitan el Planeta Tierra a apenas un \u00e1tomo de distancia: \u00e1rboles y humanos.<\/p>\n<p><strong>\u00bfQuieres participar?<\/strong><\/p>\n<p>El mecanismo de actuaci\u00f3n que vamos a utilizar para hacer consciente esta intensa pero poco explorada comunicaci\u00f3n inter-seres-vivos es <strong>el abrazo<\/strong>. La herramienta para familiarizarnos con el lenguaje que utilizamos ser\u00e1&nbsp;<strong>la energ\u00eda emocional<\/strong>. La forma en la que desplegaremos de forma creativa los resultados de nuestra experiencia ser\u00e1n los <strong>mapas afectivos.<\/strong><\/p>\n<p>Te ofrecemos formar parte de un experimento de interacci\u00f3n con la naturaleza que abrir\u00e1 las puertas de tu percepci\u00f3n. Porque los jardines y los entornos naturales no son decorados donde pasear nuestra libertad tras el confinamiento sino lugares poblados con seres vivientes que sienten y se comunican contigo si aprendes a percibirlos.&nbsp;<\/p>\n<p>Te ofrecemos ser parte de una experiencia transformadora que te permitir\u00e1 percibir la realidad que te rodea como una realidad aumentada, sin cables, ni trucos tecnol\u00f3gicos, a pelo, a corteza, gratuita y satisfatoria. \u00bfTe atreves?<\/p>\n<p><strong>\u00bfEn qu\u00e9 consiste?<\/strong><\/p>\n<p>Te proponemos que abraces un \u00e1rbol y nos cuentes la energ\u00eda que como ser vivo te ha transmitido y la emoci\u00f3n que a ti, como ser vivo, te ha hecho sentir. \u00bfRecuerdas cuando antes del confinamiento abrazabas a personas y pod\u00edas sentir la energ\u00eda transformadora del abrazo? Pues de eso mismo se trata. Para ello vamos a seguir tres pasos muy sencillos:<\/p>\n<p><strong>Primer paso. El reconocimiento:<\/strong>&nbsp; vamos a aprender a identificar a los seres vivos que liberan el oxigeno que respiramos y que viven cerca de nuestros hogares, en los parques, los jardines o los entornos naturales.&nbsp;Para facilitarte el reconocimiento te proporcionamos enlaces con informaci\u00f3n sobre donde encontrar: \u00e1rboles monumentales, \u00e1rboles aut\u00f3ctonos y \u00e1rboles urbanos.<\/p>\n<ol>\n<li><a href=\"http:\/\/www.agroambient.gva.es\/documents\/20551003\/163052224\/Cat%C3%A0leg+d%27Arbres+Monumentals+i+Singulars+de+la+Comunitat+Valenciana\/dc68cb0f-1b57-4a81-bc5d-b4415e328cc2\">Cat\u00e1logo<\/a> de \u00e1rboles <a href=\"http:\/\/www.agroambient.gva.es\/documents\/20551003\/163052241\/01+El+Cat%C3%A1logo+de+la+Comunidad+Valenciana+-+R.+Barber%C3%A1\/7094b2ae-3f53-4e06-8672-331b7c7e2fed\">monumentales<\/a> de la Comunidad Valenciana.<\/li>\n<li>Rutas de \u00e1rboles monumentales de la ciudad de Valencia. (<a href=\"http:\/\/www.valencia.es\/ayuntamiento\/Energias.nsf\/0\/21866AD52952FC89C1258258003B8823\/$FILE\/R1.pdf?OpenElement&amp;lang=2\">R1<\/a>, <a href=\"http:\/\/www.valencia.es\/ayuntamiento\/Energias.nsf\/0\/403153E769847EFFC1258258003B8FB9\/$FILE\/R2.pdf?OpenElement&amp;lang=2\">R2<\/a>, <a href=\"http:\/\/www.valencia.es\/ayuntamiento\/Energias.nsf\/0\/9A2D4999537C60E4C1258258003B977A\/$FILE\/R3.pdf?OpenElement&amp;lang=2\">R3<\/a>, <a href=\"http:\/\/www.valencia.es\/ayuntamiento\/Energias.nsf\/0\/D836A6D0AA7DBC46C1258258003BA0E6\/$FILE\/R4.pdf?OpenElement&amp;lang=2\">R4<\/a>, <a href=\"http:\/\/www.valencia.es\/ayuntamiento\/Energias.nsf\/0\/9FCEC43B16A3F11EC1258258003BACBD\/$FILE\/R5.pdf?OpenElement&amp;lang=2\">R5<\/a>)<\/li>\n<li>\u00c1rboles <a href=\"http:\/\/jardins.valencia.es\/es\/blog\/cinco-arboles-autoctonos-de-la-comunidad-valenciana\">aut\u00f3ctonos<\/a> Comunidad Valenciana<\/li>\n<li>Informaci\u00f3n sobre los <a href=\"https:\/\/liquencity.org\/wp-content\/uploads\/2018\/09\/FichasArboles_LC_MAD.pdf\">\u00e1rboles urbanos<\/a> en las ciudades espa\u00f1olas.<\/li>\n<li>Ubicaciones de Jardines y parques Hist\u00f3ricos de <a href=\"http:\/\/www.diputacionalicante.es\/wp-content\/uploads\/2017\/12\/jardines_historicos_online.pdf\">Alicante<\/a>, <a href=\"http:\/\/jardins.valencia.es\/es\/jardin\/naturia#\">Valencia<\/a> y <a href=\"https:\/\/www.castello.es\/archivos\/31\/Ciudad_de_Parques_cas.pdf\">Castell\u00f3n.<\/a><\/li>\n<\/ol>\n<p>Est\u00fadialos bien ahora que a\u00fan estamos en la desescalada para que cuando salgamos de este <em>scape room<\/em> te sea f\u00e1cil reconocerlos. <strong>Truco:<\/strong> Te recomendamos que hagas tu propia libretita de ilustraciones con detalles sobre el dibujo del tronco o de las hojas para que puedas llevarla contigo en la salida de campo. Era una pr\u00e1ctica habitual en la bot\u00e1nica antes de que apareciera la fotograf\u00eda y es muy \u00fatil para comprender los patrones matem\u00e1ticos y la belleza absoluta de las peculiares formas y modos de vida de cada especie. Para alimentar tu creatividad mira por ejemplo un poco de historia sobre&nbsp;<a href=\"https:\/\/es.wikipedia.org\/wiki\/Ilustraci%C3%B3n_bot%C3%A1nica\">ilustraci\u00f3n bot\u00e1nica<\/a>, este modelo de <a href=\"http:\/\/www.agroambient.gva.es\/documents\/20551003\/163052224\/Ficha+Inventario\/049e81ea-0053-4b82-872b-f491d019ec4b\">ficha<\/a>&nbsp;para catalogar y esta infograf\u00eda contempor\u00e1nea sobre los <a href=\"http:\/\/blog.creaf.cat\/es\/noticias\/claves-para-identificar-las-diferentes-especies-de-pinos-infografia-disponible\/\">diferentes tipos de pinos.<\/a>&nbsp;Inspiradores, \u00bfverdad?<\/p>\n<p>Te aseguramos que cuando los reconozcas ser\u00e1 todo un descubrimiento. Antes estaban tambi\u00e9n ah\u00ed y no te dabas cuenta: -!Es una&nbsp;Gleditsia triacanthos! Podr\u00e1s decir con orgullo. Queremos provocar un fen\u00f3meno fan, porque no vemos lo que vemos, sino lo que conocemos.&nbsp;<\/p>\n<p><strong>Segundo paso. El abrazo.<\/strong><\/p>\n<p>Nuestra experiencia abrazando \u00e1rboles nos ense\u00f1a que la especie es importante, pero su estado, la localizaci\u00f3n y la antig\u00fcedad del \u00e1rbol tambi\u00e9n lo son.&nbsp;Te proponemos unas instrucciones sencillas para que la experiencia del abrazo funcione.&nbsp;<\/p>\n<ul>\n<li>Ac\u00e9rcate a su tronco cuando te llame<\/li>\n<li>Observa cada detalle de cerca,&nbsp;durante un momentito.<\/li>\n<li>Sal\u00fadale, p\u00eddele permiso.<\/li>\n<li>Vac\u00eda tu mente por completo, siente solo amor y gratitud.<\/li>\n<li>T\u00f3mate tu tiempo para estar a gusto sin esperar nada.<\/li>\n<li>Ofr\u00e9cele lo mejor de ti, si\u00e9ntelo con las yemas de los dedos.<\/li>\n<li>Rod\u00e9alo con los brazos, puedes&nbsp;apoyar la cabeza y el cuerpo.<\/li>\n<li>Cierra los ojos muy despacito.&nbsp;<\/li>\n<li>Respira lento y profundo.<\/li>\n<li>Escucha, late, siente&#8230;<\/li>\n<\/ul>\n<p><strong>Truco: <\/strong>los tratados de pintura y <a href=\"https:\/\/elzendelascosas.wordpress.com\/tag\/taoismo\/\">est\u00e9tica Taoista<\/a> nos proporcionaron el m\u00e9todo de aproximaci\u00f3n a la naturaleza m\u00e1s apropiado para que la comunicaci\u00f3n genuina se produzca: empat\u00eda-resonancia, ritmo vital, reticencia y vac\u00edo. Esta es la actitud. No seas ego\u00edsta, no se trata de exprimir al \u00e1rbol en tu propio beneficio buscando quitarte el estr\u00e9s, eso vuelve a ser un intento de dominaci\u00f3n. No, estamos abrazando de igual a igual a un ser vivo para ver qu\u00e9 nos contamos mutuamente. Utiliza la t\u00e9cnica V.E.G.: vac\u00edo, entrega y generosidad.&nbsp;Cuando abrazas un \u00e1rbol con la predisposici\u00f3n adecuada se produce siempre un fogonazo de conciencia. La autenticidad de lo transmitido sucede <em>ipso-facto<\/em> y es previa a todo pensamiento anal\u00edtico. Si piensas, ya no est\u00e1s en el abrazo.<\/p>\n<p>Si tienes cierto reparo por -elqu\u00e9diran- en estos enlaces puedes ampliar informaci\u00f3n sobre la recomendaci\u00f3n de abrazar \u00e1rboles en<a href=\"https:\/\/www.treehugger.com\/health\/iceland-recommends-hugging-trees-instead-people.html\"> Islandia<\/a> o sobre los ba\u00f1os de bosque en<a href=\"https:\/\/qz.com\/1208959\/japanese-forest-medicine-is-the-art-of-using-nature-to-heal-yourself-wherever-you-are\/\"> Jap\u00f3n<\/a>. El <a href=\"https:\/\/en.wikipedia.org\/wiki\/Land_art\">Land Art<\/a> entreabri\u00f3 un poco la puerta del retorno a la naturaleza, pero si quieres profundizar m\u00e1s en el cambio de paradigma investiga sobre sabidur\u00eda y&nbsp;<a href=\"https:\/\/conscienciarborea.com\/\">consciencia arb\u00f3rea.<\/a><\/p>\n<p><strong>Tercer paso: compartimos la experiencia<\/strong><\/p>\n<p>Aqu\u00ed viene el experimento.&nbsp;Te facilitamos a continuaci\u00f3n enlaces a seis especies de \u00e1rboles que puedes localizar con facilidad en tu entorno m\u00e1s cercano. En cada enlace encontraras un test muy sencillo para compartir tu experiencia basado en dos preguntas. Las respuestas son an\u00f3nimas.<\/p>\n<ol>\n<li>\u00bfQu\u00e9 has sentido durante el abrazo?<\/li>\n<li>\u00bfQu\u00e9 color has percibido?<\/li>\n<\/ol>\n<p>Hay personas que experimentan una regresi\u00f3n al \u00fatero materno, a veces se experimenta protecci\u00f3n, o rechazo, o ganas de jugar, o sensaci\u00f3n de calor interior, o gratitud o felicidad o gamberrismo&#8230; La respuesta es siempre sorpresiva.&nbsp;<\/p>\n<p><strong>Truco:<\/strong> T\u00f3mate tu tiempo en localizar los \u00e1rboles, abraza varios de la misma especie en lugares diferentes el mismo d\u00eda, anota las respuestas en tu libreta o en tu dispositivo m\u00f3vil. Compara lo que sucede un d\u00eda tras otro con el mismo \u00e1rbol. Si repites porque te enamora incluye en tus respuestas un <em>nickname<\/em> para que sepamos que eres <em>Advanced Tree-hugger.&nbsp;<\/em><\/p>\n<p>Si lo deseas, comparte la experiencia en tus redes sociales con el Hashtag #sangsavia.<\/p>\n<p><strong>\u00bfCual es nuestro objetivo y porque Sangsavia es un proyecto de arte eco-feminista?<\/strong><\/p>\n<p>Publicaremos los resultados en Enero de 2021. Utilizaremos un formato visual que hemos denominado mapas afectivos y que contendr\u00e1 la informaci\u00f3n de la experiencia compartida de forma plena y sugestiva para que sea el principio inspirador de nuevos proyectos expositivos.<\/p>\n<p>Queremos darle alta-voz a los seres arb\u00f3reos. Queremos un mundo donde nos podamos ver, sentir y escuchar mutuamente. Queremos un mundo m\u00e1s emp\u00e1tico, sostenible y habitable. Queremos un mundo donde la concepci\u00f3n del \u00e1rbol como cosa que talo, quito y pongo sea sustituida por la concepci\u00f3n del \u00e1rbol como sagrado ser vivo complementario. Sabemos que es posible. Para ello tenemos que conocer, reconocer, resonar y aprender a ver mediante los ojos del amor. Ampliar lenguajes, ampliar percepciones y ampliar conocimiento en pos de un futuro mejor.<\/p>\n<p><strong>\u00bfTe imaginas?<\/strong><\/p>\n<p><strong>TREMENTINA LUX<\/strong><br \/>\n&nbsp;<\/p>\n<p style=\"font-size:30px\">\n<strong>#Sangsavia, #thetreehugtest #eltestdelabrazo<\/strong>\n<\/p>\n<p>&nbsp;<br \/>\n<img alt=\"1 Ficus\" height=\"250\" \nonmouseover=\"this.src='http:\/\/trementinalux.com\/Blog\/wp-content\/uploads\/2020\/05\/FicusM_small_text.jpg';\" \nonmouseout=\"this.src='http:\/\/trementinalux.com\/Blog\/wp-content\/uploads\/2020\/05\/Ficus_small.jpg';\"\nonclick=\"window.open('http:\/\/trementinalux.com\/Blog\/sangsavia-ficus\/')\" \nsrc=\"http:\/\/trementinalux.com\/Blog\/wp-content\/uploads\/2020\/05\/Ficus_small.jpg\"> <img alt=\"2 Platanero\" height=\"250\" \nonmouseover=\"this.src='http:\/\/trementinalux.com\/Blog\/wp-content\/uploads\/2020\/05\/Platanero_small_text.jpg';\" \nonmouseout=\"this.src='http:\/\/trementinalux.com\/Blog\/wp-content\/uploads\/2020\/05\/Platanero_11.jpg';\"\nonclick=\"window.open('http:\/\/trementinalux.com\/Blog\/sangsavia-platanus-hispanica\/')\" \nsrc=\"http:\/\/trementinalux.com\/Blog\/wp-content\/uploads\/2020\/05\/Platanero_11.jpg\"> <img alt=\"3 Especiosa\" height=\"250\" \nonmouseover=\"this.src='http:\/\/trementinalux.com\/Blog\/wp-content\/uploads\/2020\/05\/Especiosa_small_text.jpg';\" \nonmouseout=\"this.src='http:\/\/trementinalux.com\/Blog\/wp-content\/uploads\/2020\/05\/ARBOL2.jpeg';\"\nonclick=\"window.open('http:\/\/trementinalux.com\/Blog\/sangsavia-ceiba-especiosa\/')\" \nsrc=\"http:\/\/trementinalux.com\/Blog\/wp-content\/uploads\/2020\/05\/ARBOL2.jpeg\"><\/p>\n<p><img alt=\"4 Pinus Halepensis\" height=\"250\" \nonmouseover=\"this.src='http:\/\/trementinalux.com\/Blog\/wp-content\/uploads\/2020\/05\/Pino_small_text.jpg';\" \nonmouseout=\"this.src='http:\/\/trementinalux.com\/Blog\/wp-content\/uploads\/2020\/05\/Pino_11.jpg';\"\nonclick=\"window.open('http:\/\/trementinalux.com\/Blog\/sangsavia-pinus-halepensis\/')\" \nsrc=\"http:\/\/trementinalux.com\/Blog\/wp-content\/uploads\/2020\/05\/Pino_11.jpg\"> <img alt=\"5 Gleditsia\" height=\"250\" \nonmouseover=\"this.src='http:\/\/trementinalux.com\/Blog\/wp-content\/uploads\/2020\/05\/Gleditsia_Small_Text.jpg';\" \nonmouseout=\"this.src='http:\/\/trementinalux.com\/Blog\/wp-content\/uploads\/2020\/05\/ARBOL1.jpeg';\"\nonclick=\"window.open('http:\/\/trementinalux.com\/Blog\/sangsavia-gleditsia-triacanthos\/')\" \nsrc=\"http:\/\/trementinalux.com\/Blog\/wp-content\/uploads\/2020\/05\/ARBOL1.jpeg\"> <img alt=\"6 Palmera\" height=\"250\" \nonmouseover=\"this.src='http:\/\/trementinalux.com\/Blog\/wp-content\/uploads\/2020\/05\/Palmera_small_text.jpg';\" \nonmouseout=\"this.src='http:\/\/trementinalux.com\/Blog\/wp-content\/uploads\/2020\/05\/Palmera_11.jpg';\"\nonclick=\"window.open('http:\/\/trementinalux.com\/Blog\/sangsavia-phoenix-dactylifera\/')\" \nsrc=\"http:\/\/trementinalux.com\/Blog\/wp-content\/uploads\/2020\/05\/Palmera_11.jpg\"><\/p>\n<p>&nbsp;&nbsp;<\/p>\n","protected":false},"excerpt":{"rendered":"<p>\u00bfSab\u00edas que la estructura y composici\u00f3n de la clorofila y la hemoglobina son id\u00e9nticas salvo porque el \u00e1tomo central en la&nbsp;clorofila es de magnesio y en la hemoglobina es de hierro? \u00bfSab\u00edas que en teor\u00eda del color el verde y rojo (el de la clorofila y la sangre) son opuestos-complementarios? \u00bfSab\u00edas que los arboles inhalan [&hellip;]<\/p>\n","protected":false},"author":1,"featured_media":0,"parent":0,"menu_order":0,"comment_status":"closed","ping_status":"closed","template":"","meta":{"rop_custom_images_group":[],"rop_custom_messages_group":[],"rop_publish_now":"initial","rop_publish_now_accounts":[],"rop_publish_now_history":[],"rop_publish_now_status":"pending","ngg_post_thumbnail":0,"footnotes":""},"class_list":["post-7185","page","type-page","status-publish","hentry"],"jetpack_likes_enabled":true,"jetpack_sharing_enabled":true,"_links":{"self":[{"href":"https:\/\/trementinalux.com\/Blog\/wp-json\/wp\/v2\/pages\/7185","targetHints":{"allow":["GET"]}}],"collection":[{"href":"https:\/\/trementinalux.com\/Blog\/wp-json\/wp\/v2\/pages"}],"about":[{"href":"https:\/\/trementinalux.com\/Blog\/wp-json\/wp\/v2\/types\/page"}],"author":[{"embeddable":true,"href":"https:\/\/trementinalux.com\/Blog\/wp-json\/wp\/v2\/users\/1"}],"replies":[{"embeddable":true,"href":"https:\/\/trementinalux.com\/Blog\/wp-json\/wp\/v2\/comments?post=7185"}],"version-history":[{"count":7,"href":"https:\/\/trementinalux.com\/Blog\/wp-json\/wp\/v2\/pages\/7185\/revisions"}],"predecessor-version":[{"id":7223,"href":"https:\/\/trementinalux.com\/Blog\/wp-json\/wp\/v2\/pages\/7185\/revisions\/7223"}],"wp:attachment":[{"href":"https:\/\/trementinalux.com\/Blog\/wp-json\/wp\/v2\/media?parent=7185"}],"curies":[{"name":"wp","href":"https:\/\/api.w.org\/{rel}","templated":true}]}}