{"id":2992,"date":"2014-02-19T20:15:50","date_gmt":"2014-02-19T20:15:50","guid":{"rendered":"http:\/\/trementinalux.com\/Blog\/?page_id=2992"},"modified":"2014-02-19T20:18:14","modified_gmt":"2014-02-19T20:18:14","slug":"aviso-legal-y-politica-de-privacidad","status":"publish","type":"page","link":"https:\/\/trementinalux.com\/Blog\/aviso-legal-y-politica-de-privacidad\/","title":{"rendered":"Aviso Legal y Pol\u00edtica de Privacidad"},"content":{"rendered":"<p><strong>Aviso Legal<\/strong><\/p>\n<p>www.trementinalux.com y www.trementinalux.com\/blog son p\u00e1ginas web gestionadas por Julia Navarro Coll (en adelante, la propietaria). Julia Navarro Coll es propietaria del dominio y p\u00e1ginas web con su nombre.<\/p>\n<p>Todos los contenidos de esta Web, su dise\u00f1o, art\u00edculos, informes, logos, c\u00f3digo, nombres comerciales, marcas, dibujos o cualquier otro signo susceptible de utilizaci\u00f3n industrial o comercial est\u00e1n sujetos a los derechos de propiedad intelectual y de propiedad industrial de Julia Navarro Coll y\/o de terceros titulares de los mismos que hayan autorizado debidamente su inclusi\u00f3n en la web. Cualquier utilizaci\u00f3n de los mismos contraria a las normas en materia de propiedad intelectual e industrial ser\u00e1 perseguida con arreglo a la legislaci\u00f3n vigente. No se permite la utilizaci\u00f3n ni parcial ni completa de sus contenidos sin la autorizaci\u00f3n expresa de la propietaria, as\u00ed como su referencia sin citar la fuente enlazada. Este copyright esta recogido en la siguiente licencia:<\/p>\n<p>Licencia de Creative Commons<br \/>\nEsta obra est\u00e1 bajo una licencia de Creative Commons Reconocimiento-NoComercial-SinObraDerivada 3.0 Espa\u00f1a.<\/p>\n<p><a rel=\"license\" href=\"http:\/\/creativecommons.org\/licenses\/by-nc-nd\/4.0\/deed.es_CO\"><img decoding=\"async\" alt=\"Licencia Creative Commons\" style=\"border-width:0\" src=\"http:\/\/i.creativecommons.org\/l\/by-nc-nd\/4.0\/88x31.png\" \/><\/a><br \/>Este obra est\u00e1 bajo una <a rel=\"license\" href=\"http:\/\/creativecommons.org\/licenses\/by-nc-nd\/4.0\/deed.es_CO\">Licencia Creative Commons Atribuci\u00f3n-NoComercial-SinDerivar 4.0 Internacional<\/a>.<\/p>\n<p><strong>Pol\u00edtica de Privacidad<\/strong><\/p>\n<p><strong>Garant\u00eda<\/strong><\/p>\n<p>Julia Navarro Coll respeta plenamente su derecho a la privacidad y le garantiza la protecci\u00f3n de los datos de car\u00e1cter personal que nos suministre de conformidad con lo establecido en la Ley 15\/1999, de 13 de diciembre, de Protecci\u00f3n de Datos de Car\u00e1cter Personal y la Ley 34\/2002, de 11 de julio, de Servicios de la Sociedad de la informaci\u00f3n y de Comercio Electr\u00f3nico (en adelante, \u201cla leyes\u201d), y con esta Pol\u00edtica de Privacidad, que se aplican plenamente a esta p\u00e1gina Web.<\/p>\n<p><strong>Registro<\/strong><\/p>\n<p>En el blog encontrar\u00e1 un listado de servicios para  usuarios en general, el uso de algunos de estos recursos necesitan un registro previo para la utilizaci\u00f3n y uso del servicio. El registro solicita un nombre y una direcci\u00f3n de correo electr\u00f3nico. La propietaria solo guarda en su base de datos los datos del usuario interesado con referente a estos mismos datos y la fecha en la que se suscribi\u00f3. Los datos personales solicitados en los formularios de registro son enviados bajo consentimiento a la propietaria. En cualquier momento el usuario puede darse de baja de estos servicios.<\/p>\n<p><strong>Sus derechos<\/strong><\/p>\n<p>De conformidad con lo establecido en el art\u00edculo 5 de las leyes le informamos que la finalidad exclusiva de nuestra base de datos de registros es el env\u00edo de informaci\u00f3n sobre novedades puntuales relativas a esta p\u00e1gina Web. Le garantizamos que solo la propietaria tendr\u00e1 acceso a sus datos y que, en ning\u00fan caso, dichos datos ser\u00e1n cedidos, compartidos, transferidos, ni vendidos a ning\u00fan tercero distinto de la propietaria.<\/p>\n<p>Tal y como establecen las leyes, en cualquier momento podr\u00e1 ejercitar sus derechos de acceso, rectificaci\u00f3n, cancelaci\u00f3n, y oposici\u00f3n ante la propietaria. Podr\u00e1 ejercitar tales derechos directamente d\u00e1ndose de baja al servicio de newsletter (en cada una de las comunicaciones enviadas se adjunta una enlace de baja instant\u00e1nea, en 1 solo clic) o mediante el env\u00edo de un correo electr\u00f3nico a la direcci\u00f3n: trementinalux@trementinalux.com.com explicando lo que necesita o simplemente poniendo la palabra \u201cbaja\u201d en el campo de \u201casunto\u201d de su email.<\/p>\n<p><strong>A m\u00ed tampoco me gusta el Spam<\/strong><\/p>\n<p>Soy contraria al env\u00edo de comunicaciones comerciales no solicitadas y a cualquier tipo de conducta o manifestaci\u00f3n de \u201cspamming\u201d. As\u00ed que el proceso de registro no debe ser utilizado para inscribir direcciones de correo de personas ajenas sin su consentimiento expreso. Es por eso que cualquier suscripci\u00f3n a este blog necesita la confirmaci\u00f3n expl\u00edcita por parte del suscriptor (mediante un clic en un email de confirmaci\u00f3n) para la activaci\u00f3n de servicio, antes de recibir noticias por correo electr\u00f3nico.<\/p>\n<p>En el caso de que reciba cualquiera de nuestros comunicados sin haberse registrado en este sistema o sin haber dado su consentimiento expreso a dicho registro, puede ponerse en contacto con nosotros a la direcci\u00f3n electr\u00f3nica trementinalux@trementinalux.com solicitando la cancelaci\u00f3n de su direcci\u00f3n electr\u00f3nica del sistema.<\/p>\n<p><strong>Cookies<\/strong><\/p>\n<p>Este sitio utiliza \u201cCookies\u201d para mantener la sesi\u00f3n de los respectivos servicios, la cookie no intercambia informaci\u00f3n personal, solo utiliza informaci\u00f3n necesaria para poder acceder a las estad\u00edsticas sin perder la sesi\u00f3n del contador auditado.<\/p>\n<p>Para su informaci\u00f3n, su navegador le ofrece una serie de opciones con relaci\u00f3n a las \u201cCookies\u201d. Mediante la modificaci\u00f3n de las preferencias existentes en su navegador, puede optar por: (i) aceptar todas las \u201cCookies\u201d; (ii) ser notificado de cu\u00e1ndo una \u201cCookie\u201d es instalada en su ordenador; o (iii) rechazar todas las \u201cCookies\u201d. Consulte el manual de instrucciones de su navegador para obtener m\u00e1s informaci\u00f3n sobre este tema.<\/p>\n<p><strong>\u00bfPor qu\u00e9 las cookies afectan a la privacidad del usuario que navega por Internet?<\/strong><\/p>\n<p>Los usuarios que utilizan los servicios de Internet deben conocer que el acceso a los mismos puede conllevar la instalaci\u00f3n de ficheros o archivos en su sequipos terminales que al ser recuperados permiten no s\u00f3lo mejorar la navegaci\u00f3n y prestar correctamente el servicio solicitado sino que adem\u00e1s posibilitan, con las implicaciones para la privacidad de los usuarios que ello supone, la recogida continuada de datos relacionados con sus equipos y perfiles de navegaci\u00f3n, que posteriormente podr\u00e1n ser utilizados por los responsables de los sitios web a los que se accede, o por terceros, para el env\u00edo de publicidad basada en el comportamiento o como medio para el desarrollo de otros productos y servicios concretos.<\/p>\n<p>En suma, una cookie es una fichero de texto que se descarga en el equipo o terminal del usuario para almacenar en el mismo durante la navegaci\u00f3n en Internet ciertos datos con una o varias finalidades, siendo un tratamiento especialemtne intrusivo cuando el responsable de su instalaci\u00f3n, actualizaci\u00f3n y recuperaci\u00f3n recoge y trata la informaci\u00f3n almacenada en la cookie sin informar y contar con el consentimiento del usuario para ello.<\/p>\n<p>El bloqueo de todas las cookies no necesariamente puede ayudar a proteger su privacidad, pudiendo adem\u00e1s que dicho bloqueo limite su experiencia de navegaci\u00f3n. Por eso se recomienda al usuario, que sea selectivo a la hora de elegir los sitios web para los que permite las cookies, empezando por bloquear todas las cookies y, despu\u00e9s, permitiendo las cookies a medida que sean necesarias para los sitios web en los que conf\u00eda.<\/p>\n<p>Hay una gran variedad de cookies entre las que se encuentran, \u201cprimarias\u201d y de \u201cterceros\u201d. Adem\u00e1s, dependiendo del tiempo en el que se almacenen en su dispositivo, pueden ser, \u201ccookies de sesi\u00f3n\u201d, \u201ccookies permanentes\u201d o \u201ccookies de flash\u201d.<\/p>\n<p>Esta web utiliza cookies para ofrecer una experiencia personalizada a los usuarios y recopilar informaci\u00f3n sobre el uso del sitio web. En este sentido, las cookies pueden enriquecer la experiencia del usuario, al permitir que el sitio obtenga informaci\u00f3n sobre sus preferencias. un car\u00e1cter temporal o permanente.<\/p>\n<p><strong>Seguridad<\/strong><\/p>\n<p>La propietaria ha adoptado las medidas t\u00e9cnicas y organizativas necesarias para garantizar la seguridad de los datos de car\u00e1cter personal que se encuentran en nuestra base de datos de suscriptores y evitar su alteraci\u00f3n, p\u00e9rdida, tratamiento o acceso no autorizado, de conformidad con lo que establece las LEYES y el Real Decreto 994\/1999, de 11 de junio, por el que se aprueba el Reglamento de medidas de seguridad de los ficheros automatizados que contengan datos de car\u00e1cter personal.<\/p>\n<p><strong>Acerca de la seguridad en la transmisi\u00f3n de datos<\/strong><\/p>\n<p>La propietaria no codifica o encripta sus datos personales en el momento de la transmisi\u00f3n de los mismos, de modo que dicha transmisi\u00f3n no se realiza de modo seguro. No se puede asegurar o garantizar la seguridad de ninguna informaci\u00f3n que transmita on-line, y, en consecuencia, en caso de hacerlo, asume el riesgo de la transmisi\u00f3n por su propia cuenta. Una vez los datos son recibidos si se garantiza la aplicaci\u00f3n a los mismos de las medidas de seguridad que establece la ley aplicable en cada momento.<\/p>\n<p><strong>A su disposici\u00f3n<\/strong><br \/>\nSi en cualquier momento desea ponerse en contacto para comentar cualquier aspecto relacionado con la Pol\u00edtica de Privacidad descrita anteriormente o considera que alguno de los apartados anteriores no se cumple de modo adecuado, no dude en ponerse en contacto mediante el env\u00edo de un correo electr\u00f3nico a la direcci\u00f3n: trementinalux@trementinalux.com<\/p>\n<p><strong>Cambio en la pol\u00edtica de privacidad<\/strong><\/p>\n<p>La propietaria se reserva el derecho a cambiar la Pol\u00edtica de Privacidad descrita en la presente web bajo el env\u00edo de una notificaci\u00f3n previa por correo electr\u00f3nico. Puede visitar esta Pol\u00edtica de Privacidad siempre que lo necesite para verificar cualquier modificaci\u00f3n o actualizaci\u00f3n de la misma.<\/p>\n","protected":false},"excerpt":{"rendered":"<p>Aviso Legal www.trementinalux.com y www.trementinalux.com\/blog son p\u00e1ginas web gestionadas por Julia Navarro Coll (en adelante, la propietaria). Julia Navarro Coll es propietaria del dominio y p\u00e1ginas web con su nombre. Todos los contenidos de esta Web, su dise\u00f1o, art\u00edculos, informes, logos, c\u00f3digo, nombres comerciales, marcas, dibujos o cualquier otro signo susceptible de utilizaci\u00f3n industrial o [&hellip;]<\/p>\n","protected":false},"author":1,"featured_media":0,"parent":0,"menu_order":0,"comment_status":"open","ping_status":"open","template":"","meta":{"rop_custom_images_group":[],"rop_custom_messages_group":[],"rop_publish_now":"initial","rop_publish_now_accounts":[],"rop_publish_now_history":[],"rop_publish_now_status":"pending","ngg_post_thumbnail":0,"footnotes":""},"class_list":["post-2992","page","type-page","status-publish","hentry"],"jetpack_likes_enabled":true,"jetpack_sharing_enabled":false,"_links":{"self":[{"href":"https:\/\/trementinalux.com\/Blog\/wp-json\/wp\/v2\/pages\/2992","targetHints":{"allow":["GET"]}}],"collection":[{"href":"https:\/\/trementinalux.com\/Blog\/wp-json\/wp\/v2\/pages"}],"about":[{"href":"https:\/\/trementinalux.com\/Blog\/wp-json\/wp\/v2\/types\/page"}],"author":[{"embeddable":true,"href":"https:\/\/trementinalux.com\/Blog\/wp-json\/wp\/v2\/users\/1"}],"replies":[{"embeddable":true,"href":"https:\/\/trementinalux.com\/Blog\/wp-json\/wp\/v2\/comments?post=2992"}],"version-history":[{"count":4,"href":"https:\/\/trementinalux.com\/Blog\/wp-json\/wp\/v2\/pages\/2992\/revisions"}],"predecessor-version":[{"id":2996,"href":"https:\/\/trementinalux.com\/Blog\/wp-json\/wp\/v2\/pages\/2992\/revisions\/2996"}],"wp:attachment":[{"href":"https:\/\/trementinalux.com\/Blog\/wp-json\/wp\/v2\/media?parent=2992"}],"curies":[{"name":"wp","href":"https:\/\/api.w.org\/{rel}","templated":true}]}}